{"id":10144,"date":"2019-08-21T14:12:17","date_gmt":"2019-08-21T21:12:17","guid":{"rendered":"https:\/\/iglesiatijuana.org\/web\/?page_id=10144"},"modified":"2019-08-21T14:12:17","modified_gmt":"2019-08-21T21:12:17","slug":"nuevo-parroco-en-la-jurisdiccion-parroquial-del-espiritu-santo-la-comunidad-ayuda-a-sus-sacerdotes-con-oracion-carino-correccion-fraterna-y-el-testimonio-de-sus-vidas-arzobispo-fr","status":"publish","type":"page","link":"https:\/\/iglesiatijuana.org\/web\/nuevo-parroco-en-la-jurisdiccion-parroquial-del-espiritu-santo-la-comunidad-ayuda-a-sus-sacerdotes-con-oracion-carino-correccion-fraterna-y-el-testimonio-de-sus-vidas-arzobispo-fr\/","title":{"rendered":"Nuevo P\u00e1rroco en la Jurisdicci\u00f3n Parroquial del Esp\u00edritu Santo: \u201cla Comunidad ayuda a sus sacerdotes con oraci\u00f3n, cari\u00f1o, correcci\u00f3n fraterna y el testimonio de sus vidas\u201d Arzobispo Francisco"},"content":{"rendered":"<p style=\"text-align: justify;\">Pastoral para la Comunicaci\u00f3n. &#8211; La tarde del martes 13 de agosto, se realiz\u00f3 la toma de posesi\u00f3n can\u00f3nica en la Parroquia del Esp\u00edritu Santo de la colonia Chapultepec, en Tijuana B.C. Fue el Pbro. Jos\u00e9 Luis Ortega Saucedo M.Sp.S, quien tom\u00f3 posesi\u00f3n como nuevo p\u00e1rroco de dicha jurisdicci\u00f3n y el Pbro. Rub\u00e9n Portillo M.Sp.S., quien entreg\u00f3 la Parroquia.<\/p>\n<p style=\"text-align: justify;\">\n<p style=\"text-align: justify;\">La lectura del nombramiento otorgado por el Arzobispo, fue hecha por el Padre Decano del Decanato 8 de \u201cNuestra Se\u00f1ora de Guadalupe\u201d, el Pbro. Jorge Ricardo Castillo M.Sp.S. La Celebraci\u00f3n Eucar\u00edstica fue presidida por su Excelencia Mons. Francisco Moreno Barr\u00f3n, quien se\u00f1al\u00f3 que nuestra fe no est\u00e1 en el sacerdote, sino en Cristo Jes\u00fas, Cristo Resucitado. <em>La obediencia le pide ser el p\u00e1rroco, me lo ha presentado as\u00ed su Superior y he tenido a bien aceptar la propuesta y lo he nombrado, su p\u00e1rroco el d\u00eda de hoy<\/em>, comparti\u00f3 el Arzobispo.<\/p>\n<p style=\"text-align: justify;\">\n<p style=\"text-align: justify;\">\u201cEn realidad, \u00e9l viene a tomar posesi\u00f3n de ustedes, posesi\u00f3n de su gente y ustedes van a tomar posesi\u00f3n de un sacerdote como su p\u00e1rroco. Esto es muy hermoso, es comprender lo que es la Iglesia, es aceptar los planes de amor y salvaci\u00f3n de Dios. Su nuevo p\u00e1rroco ha de abrir las puertas no solo del templo, sino las puertas de su coraz\u00f3n, para que ocupen el lugar que les corresponde y esta Comunidad de la Parroquia del Esp\u00edritu Santo, con todos sus dones y carismas, ser\u00e1 una parroquia con el rostro de Cristo resucitado para las familias y para toda la gente que vive a su alrededor\u201d.<\/p>\n<p style=\"text-align: justify;\">El Papa San Juan Pablo II que escrib\u00eda en el libro de \u201cDon y misterio\u201d, cuando fue obispo auxiliar de Cracovia, en Polonia, \u201c<em>yo ten\u00eda todas las prerrogativas de mi arzobispo, pero no ten\u00eda sus grandes responsabilidades, porque yo solo era su colaborador\u201d<\/em>. Y as\u00ed es, Padre Jos\u00e9 Luis, tendr\u00e1s colaboradores y ellos podr\u00e1n decir lo mismo, soy igualmente sacerdote como mi p\u00e1rroco, pero no tengo las responsabilidades frente a la parroquia como las tiene mi p\u00e1rroco. Qu\u00e9 tremenda responsabilidad la del p\u00e1rroco, pero que hermosa es su vocaci\u00f3n, as\u00ed lo entendi\u00f3 San Juan Mar\u00eda Vianney, patrono de los sacerdotes, aquel santo sacerdote que, en Francia en aquel pueblecito, se santific\u00f3 y santific\u00f3 a su pueblo, a su parroquia.<\/p>\n<p style=\"text-align: justify;\">\u201cReciban con un coraz\u00f3n abierto a su nuevo p\u00e1rroco, colaboren con \u00e9l, ay\u00fadenlo. Los sacerdotes no somos gente ya hecha. En realidad, el seminario nos forma, pero la formaci\u00f3n definitiva la tenemos en el contacto con el pueblo de la Iglesia, ustedes nos tienen que ayudar a ser los sacerdotes que necesita en este momento la iglesia, con su oraci\u00f3n, con su cari\u00f1o, con su correcci\u00f3n fraterna y con el testimonio de su vida\u201d.<\/p>\n<p style=\"text-align: justify;\">Al concluir la homil\u00eda, el nuevo p\u00e1rroco realiz\u00f3 su profesi\u00f3n de fe y renov\u00f3 sus promesas sacerdotales frente a todos los presentes. Despu\u00e9s se realizaron algunos signos de la toma de posesi\u00f3n como la apertura de la puerta principal del templo, el repique de campanas, entre otros. As\u00ed, como la firma del acta que da fe de dicho acontecimiento.<\/p>\n<p style=\"text-align: justify;\">\n<p style=\"text-align: justify;\">Antes de la bendici\u00f3n final, el p\u00e1rroco saliente le comparti\u00f3 a la comunidad que estaba muy agradecido por todos los momentos compartidos, por su cari\u00f1o y su apoyo y que esperar\u00e1 que lo visiten en su nueva misi\u00f3n en la perla tapat\u00eda. Por su parte el nuevo p\u00e1rroco, resalt\u00f3 que estaba muy agradecido de participar en la comunidad de los misioneros del Esp\u00edritu Santo y de ser \u201chijo\u201d de Concepci\u00f3n Cabrera de Armida, su madre espiritual por la que ahora entiende el valor de la mujer en la vida espiritual de la Iglesia. Finalizando con el lema que dec\u00eda su padre fundador, el Padre F\u00e9lix de Jes\u00fas Rouger: \u201cEstamos en las manos de Dios y son muy buenas manos.\u201d<\/p>\n<p>&nbsp;<\/p>\n<p><a href=\"https:\/\/iglesiatijuana.org\/web\/wp-content\/uploads\/2019\/08\/e.jpg\" data-rel=\"lightbox-image-0\" data-rl_title=\"\" data-rl_caption=\"\" title=\"\"><img loading=\"lazy\" decoding=\"async\" class=\"alignnone size-full wp-image-10145\" src=\"https:\/\/iglesiatijuana.org\/web\/wp-content\/uploads\/2019\/08\/e.jpg\" alt=\"\" width=\"720\" height=\"340\" srcset=\"https:\/\/iglesiatijuana.org\/web\/wp-content\/uploads\/2019\/08\/e.jpg 720w, https:\/\/iglesiatijuana.org\/web\/wp-content\/uploads\/2019\/08\/e-300x142.jpg 300w, https:\/\/iglesiatijuana.org\/web\/wp-content\/uploads\/2019\/08\/e-520x245.jpg 520w\" sizes=\"auto, (max-width: 720px) 100vw, 720px\" \/><\/a><\/p>\n","protected":false},"excerpt":{"rendered":"<p>Pastoral para la Comunicaci\u00f3n. &#8211; La tarde del martes 13 de agosto, se realiz\u00f3 la toma de posesi\u00f3n can\u00f3nica en la Parroquia del Esp\u00edritu Santo de la colonia Chapultepec, en Tijuana B.C. Fue el&#46;&#46;&#46;<\/p>\n","protected":false},"author":101012,"featured_media":10145,"parent":0,"menu_order":0,"comment_status":"closed","ping_status":"closed","template":"","meta":{"_exactmetrics_skip_tracking":false,"_exactmetrics_sitenote_active":false,"_exactmetrics_sitenote_note":"","_exactmetrics_sitenote_category":0,"_mc_calendar":[],"footnotes":""},"class_list":["post-10144","page","type-page","status-publish","has-post-thumbnail","hentry"],"_links":{"self":[{"href":"https:\/\/iglesiatijuana.org\/web\/wp-json\/wp\/v2\/pages\/10144","targetHints":{"allow":["GET"]}}],"collection":[{"href":"https:\/\/iglesiatijuana.org\/web\/wp-json\/wp\/v2\/pages"}],"about":[{"href":"https:\/\/iglesiatijuana.org\/web\/wp-json\/wp\/v2\/types\/page"}],"author":[{"embeddable":true,"href":"https:\/\/iglesiatijuana.org\/web\/wp-json\/wp\/v2\/users\/101012"}],"replies":[{"embeddable":true,"href":"https:\/\/iglesiatijuana.org\/web\/wp-json\/wp\/v2\/comments?post=10144"}],"version-history":[{"count":1,"href":"https:\/\/iglesiatijuana.org\/web\/wp-json\/wp\/v2\/pages\/10144\/revisions"}],"predecessor-version":[{"id":10146,"href":"https:\/\/iglesiatijuana.org\/web\/wp-json\/wp\/v2\/pages\/10144\/revisions\/10146"}],"wp:featuredmedia":[{"embeddable":true,"href":"https:\/\/iglesiatijuana.org\/web\/wp-json\/wp\/v2\/media\/10145"}],"wp:attachment":[{"href":"https:\/\/iglesiatijuana.org\/web\/wp-json\/wp\/v2\/media?parent=10144"}],"curies":[{"name":"wp","href":"https:\/\/api.w.org\/{rel}","templated":true}]}}