{"id":11684,"date":"2020-04-09T10:03:19","date_gmt":"2020-04-09T17:03:19","guid":{"rendered":"https:\/\/iglesiatijuana.org\/web\/?page_id=11684"},"modified":"2020-04-09T10:03:19","modified_gmt":"2020-04-09T17:03:19","slug":"arzobispo-francisco-felicita-anima-y-agradece-a-sus-sacerdotes-en-este-jueves-santo","status":"publish","type":"page","link":"https:\/\/iglesiatijuana.org\/web\/arzobispo-francisco-felicita-anima-y-agradece-a-sus-sacerdotes-en-este-jueves-santo\/","title":{"rendered":"Arzobispo Francisco: felicita, anima y agradece a sus sacerdotes en este Jueves Santo"},"content":{"rendered":"<p style=\"text-align: justify;\">Muy queridos padres y di\u00e1conos:<\/p>\n<p style=\"text-align: justify;\">En comuni\u00f3n con el Papa Francisco y con mis hermanos Obispos, les felicito en este Jueves Santo, d\u00eda en que Jesucristo instituy\u00f3 el sacerdocio ministerial en su Iglesia.<\/p>\n<p style=\"text-align: justify;\">Gracias por su respuesta actual al llamado de Jes\u00fas y por su constante entrega de amor. Cada uno de ustedes es muy amado de Dios y valioso para la Iglesia en nuestra Arquidi\u00f3cesis de Tijuana.<\/p>\n<p style=\"text-align: justify;\">El Covid-19 que estamos enfrentando, ha acrecentado el aprecio de nuestro pueblo cat\u00f3lico por sus sacerdotes y mucha gente est\u00e1 rezando por nosotros. No son pocos tambi\u00e9n en la sociedad los que valoran nuestra labor frente a la comunidad en esta pandemia.<\/p>\n<p style=\"text-align: justify;\">Recuerden siempre que la renovaci\u00f3n de la Iglesia est\u00e1 en el coraz\u00f3n del sacerdote. Por eso, al tiempo que vivimos nuestro sacerdocio de un modo que nos hace recordar las catacumbas, exilios y persecuciones sufridas por la Iglesia a trav\u00e9s de su historia, en el reposo, silencio y oraci\u00f3n renovemos con alegr\u00eda nuestro sacerdocio, lo cual ser\u00e1 un extraordinario regalo para nuestras parroquias e instituciones eclesiales, que muy pronto y en completa salud disfrutar\u00e1n de sus sacerdotes.<\/p>\n<p style=\"text-align: justify;\">Gocen a profundidad la Misa de la Cena del Se\u00f1or por la tarde, \u00edntimamente unidos a Cristo, a su Obispo, a todos sus hermanos sacerdotes y a la gente que les ha sido confiada. Ser\u00e1 una experiencia nueva, \u00fanica, inolvidable y muy fecunda. Yo har\u00e9 lo mismo en nuestra Iglesia Catedral.<\/p>\n<p style=\"text-align: justify;\">Pido al Se\u00f1or que, el fruto de este singular Jueves Santo, se refleje en nuestra \u00edntima fraternidad sacerdotal, como una viva expresi\u00f3n del nuevo mandamiento del amor: \u201c\u00e1mense los unos a otros, como yo los he amado\u201d (Jn 13,34)<\/p>\n<p style=\"text-align: justify;\">Una vez m\u00e1s, les manifiesto mi cari\u00f1o y disposici\u00f3n para servirles como padre, hermano y amigo.<\/p>\n<p style=\"text-align: justify;\">\u00a1Felicidades en Cristo Sacerdote!<\/p>\n<p>&nbsp;<\/p>\n<p style=\"text-align: center;\">+Mons. Francisco Moreno Barr\u00f3n<br \/>\nArzobispo de Tijuana<\/p>\n<p>&nbsp;<\/p>\n<p style=\"text-align: right;\">\nTijuana, B.C., Jueves Santo, 9 de abril de 2020<\/p>\n","protected":false},"excerpt":{"rendered":"<p>Muy queridos padres y di\u00e1conos: En comuni\u00f3n con el Papa Francisco y con mis hermanos Obispos, les felicito en este Jueves Santo, d\u00eda en que Jesucristo instituy\u00f3 el sacerdocio ministerial en su Iglesia. Gracias&#46;&#46;&#46;<\/p>\n","protected":false},"author":101012,"featured_media":11685,"parent":0,"menu_order":0,"comment_status":"closed","ping_status":"closed","template":"","meta":{"_exactmetrics_skip_tracking":false,"_exactmetrics_sitenote_active":false,"_exactmetrics_sitenote_note":"","_exactmetrics_sitenote_category":0,"_mc_calendar":[],"footnotes":""},"class_list":["post-11684","page","type-page","status-publish","has-post-thumbnail","hentry"],"_links":{"self":[{"href":"https:\/\/iglesiatijuana.org\/web\/wp-json\/wp\/v2\/pages\/11684","targetHints":{"allow":["GET"]}}],"collection":[{"href":"https:\/\/iglesiatijuana.org\/web\/wp-json\/wp\/v2\/pages"}],"about":[{"href":"https:\/\/iglesiatijuana.org\/web\/wp-json\/wp\/v2\/types\/page"}],"author":[{"embeddable":true,"href":"https:\/\/iglesiatijuana.org\/web\/wp-json\/wp\/v2\/users\/101012"}],"replies":[{"embeddable":true,"href":"https:\/\/iglesiatijuana.org\/web\/wp-json\/wp\/v2\/comments?post=11684"}],"version-history":[{"count":1,"href":"https:\/\/iglesiatijuana.org\/web\/wp-json\/wp\/v2\/pages\/11684\/revisions"}],"predecessor-version":[{"id":11686,"href":"https:\/\/iglesiatijuana.org\/web\/wp-json\/wp\/v2\/pages\/11684\/revisions\/11686"}],"wp:featuredmedia":[{"embeddable":true,"href":"https:\/\/iglesiatijuana.org\/web\/wp-json\/wp\/v2\/media\/11685"}],"wp:attachment":[{"href":"https:\/\/iglesiatijuana.org\/web\/wp-json\/wp\/v2\/media?parent=11684"}],"curies":[{"name":"wp","href":"https:\/\/api.w.org\/{rel}","templated":true}]}}