{"id":15162,"date":"2025-01-29T13:11:05","date_gmt":"2025-01-29T21:11:05","guid":{"rendered":"https:\/\/iglesiatijuana.org\/web\/?page_id=15162"},"modified":"2025-11-04T15:31:02","modified_gmt":"2025-11-04T23:31:02","slug":"obispo-auxiliar","status":"publish","type":"page","link":"https:\/\/iglesiatijuana.org\/web\/obispo-auxiliar\/","title":{"rendered":"Administrador Apost\u00f3lico Mons.\u00a0Mario Nicol\u00e1s \u00a0Villanueva Arellano"},"content":{"rendered":"<p><a href=\"https:\/\/iglesiatijuana.org\/web\/wp-content\/uploads\/2016\/06\/nuevoarzobispo-e1479935453565.png\" data-rel=\"lightbox-image-0\" data-rl_title=\"\" data-rl_caption=\"\" title=\"\"><img loading=\"lazy\" decoding=\"async\" class=\"alignleft wp-image-15161 size-medium\" src=\"https:\/\/iglesiatijuana.org\/web\/wp-content\/uploads\/2025\/01\/Mons-Mario-Villanueva-foto--e1738184481820-300x218.jpg\" alt=\"\" width=\"300\" height=\"218\" srcset=\"https:\/\/iglesiatijuana.org\/web\/wp-content\/uploads\/2025\/01\/Mons-Mario-Villanueva-foto--e1738184481820-300x218.jpg 300w, https:\/\/iglesiatijuana.org\/web\/wp-content\/uploads\/2025\/01\/Mons-Mario-Villanueva-foto--e1738184481820-768x558.jpg 768w, https:\/\/iglesiatijuana.org\/web\/wp-content\/uploads\/2025\/01\/Mons-Mario-Villanueva-foto--e1738184481820.jpg 853w\" sizes=\"auto, (max-width: 300px) 100vw, 300px\" \/><\/a><\/p>\n<p style=\"text-align: justify;\"><strong>S.E.R. Mons.\u00a0Mario Nicol\u00e1s \u00a0Villanueva Arellano<\/strong><\/p>\n<p>Naci\u00f3 el 19 de enero de 1971 en P\u00e9njamo, Gto. Ingreso al seminario de Tijuana en 1995.<\/p>\n<p>Ordenado Di\u00e1cono el 12 de agosto de 2002 de manos de Mons. Rafael Romo Mu\u00f1oz.<\/p>\n<p>Fue ordenado presb\u00edtero el 12 de julio de 2003 para la Arquidi\u00f3cesis de Tijuana de manos de Mons. Rafael Romo Mu\u00f1oz.<\/p>\n<p><strong>Estudios realizados:<\/strong><\/p>\n<p>De 1989 a 1994 estudio la Licenciara de Contador P\u00fablico en la Universidad Aut\u00f3noma de Baja California<\/p>\n<p>Del 2008 al 2010 estudio la Licenciatura en Teolog\u00eda Espiritual y Diplomado en<\/p>\n<p>Formaci\u00f3n Sacerdotal en la Pontificia Universidad Gregoriana en Roma.<\/p>\n<p><strong>Cargos desempe\u00f1ados en su ministerio sacerdotal:<\/strong><\/p>\n<p>En el 2002 como Di\u00e1cono en la Isla de Cedros, Baja California.<\/p>\n<p>En el 2003 Vicario parroquial en el ahora Santuario de la Virgen de Guadalupe en<\/p>\n<p>Tijuana.<\/p>\n<p>Del 2004 &#8211; 2008 y del 2010 &#8211; 2011 Ec\u00f3nomo del Seminario de Tijuana.<\/p>\n<p>Del 2014 &#8211; 2024 Vicario Episcopal del Clero.<\/p>\n<p>Del 2011 &#8211; 2024 Director Espiritual en el Seminario de Tijuana.<\/p>\n<p>De junio a octubre de 2024 Rector del Seminario de Tijuana.<\/p>\n<p>El 19 de septiembre de 2024 Su Santidad el Papa Francisco se dign\u00f3 nombrarlo Obispo Auxiliar de la Arquidi\u00f3cesis de Tijuana, asign\u00e1ndole la Sede Titular de Gegi.<\/p>\n<p>El 29 de noviembre de 2024 fue consagrado Obispo de manos de Mons. Francisco Moreno Barr\u00f3n, Arzobispo de Tijuana, en la Catedral Metropolitana de Tijuana dedicada a Santa Mar\u00eda de Guadalupe.<\/p>\n<p>Fungi\u00f3 como Vicario General de la Arquidi\u00f3cesis de Tijuana del 29 de noviembre de 2024 hasta el 26 de octubre de 2025.<\/p>\n<p>El 4 de noviembre de 2025 Su Santidad el Papa Le\u00f3n XIV, por medio del Dicasterio para los Obispos, \u00a0se dign\u00f3 a nombrarlo Administrador Apost\u00f3lico de la \u201csede vacante\u201d de la Arquidi\u00f3cesis de Tijuana, tras el fallecimiento de Mons. Francisco Moreno Barr\u00f3n, el 26 de octubre de 2025.<\/p>\n","protected":false},"excerpt":{"rendered":"<p>S.E.R. Mons.\u00a0Mario Nicol\u00e1s \u00a0Villanueva Arellano Naci\u00f3 el 19 de enero de 1971 en P\u00e9njamo, Gto. Ingreso al seminario de Tijuana en 1995. Ordenado Di\u00e1cono el 12 de agosto de 2002 de manos de Mons.&#46;&#46;&#46;<\/p>\n","protected":false},"author":3,"featured_media":0,"parent":0,"menu_order":0,"comment_status":"closed","ping_status":"closed","template":"","meta":{"_exactmetrics_skip_tracking":false,"_exactmetrics_sitenote_active":false,"_exactmetrics_sitenote_note":"","_exactmetrics_sitenote_category":0,"_mc_calendar":[],"footnotes":""},"class_list":["post-15162","page","type-page","status-publish","hentry"],"_links":{"self":[{"href":"https:\/\/iglesiatijuana.org\/web\/wp-json\/wp\/v2\/pages\/15162","targetHints":{"allow":["GET"]}}],"collection":[{"href":"https:\/\/iglesiatijuana.org\/web\/wp-json\/wp\/v2\/pages"}],"about":[{"href":"https:\/\/iglesiatijuana.org\/web\/wp-json\/wp\/v2\/types\/page"}],"author":[{"embeddable":true,"href":"https:\/\/iglesiatijuana.org\/web\/wp-json\/wp\/v2\/users\/3"}],"replies":[{"embeddable":true,"href":"https:\/\/iglesiatijuana.org\/web\/wp-json\/wp\/v2\/comments?post=15162"}],"version-history":[{"count":8,"href":"https:\/\/iglesiatijuana.org\/web\/wp-json\/wp\/v2\/pages\/15162\/revisions"}],"predecessor-version":[{"id":15469,"href":"https:\/\/iglesiatijuana.org\/web\/wp-json\/wp\/v2\/pages\/15162\/revisions\/15469"}],"wp:attachment":[{"href":"https:\/\/iglesiatijuana.org\/web\/wp-json\/wp\/v2\/media?parent=15162"}],"curies":[{"name":"wp","href":"https:\/\/api.w.org\/{rel}","templated":true}]}}