{"id":22,"date":"2007-07-21T16:16:05","date_gmt":"2007-07-21T23:16:05","guid":{"rendered":"http:\/\/iglesiatijuana.org\/web\/curia\/"},"modified":"2026-02-16T09:44:58","modified_gmt":"2026-02-16T17:44:58","slug":"curia","status":"publish","type":"page","link":"https:\/\/iglesiatijuana.org\/web\/curia\/","title":{"rendered":"Directorio Curia"},"content":{"rendered":"<p style=\"text-align: center;\"><strong>Oficinas del Arzobispado<\/strong><\/p>\n<p style=\"text-align: center;\">10ma. y Ocampo 8585<br \/>\nZona Centro, Codigo Postal 22000<br \/>\nTijuana, B.C.<br \/>\n<strong>Tel.<\/strong>(664)684-8411<\/p>\n<p><strong>Administrador Apost\u00f3lico<br \/>\n<\/strong>Excmo. Mons. Mario Nicol\u00e1s Villanueva Arellano<\/p>\n<p><strong>\u00a0Vicario General<br \/>\n<\/strong>Pbro. Israel \u00c1ngeles Gil<\/p>\n<p><strong>Ec\u00f3nomo Diocesano<br \/>\n<\/strong>Pbro. Jorge Antonio Aguayo Carmona<\/p>\n<p><strong>Secretario Canciller<br \/>\n<\/strong>Pbro. Jos\u00e9 Velasco Arias<\/p>\n<p><strong><em>Vicecanciller<br \/>\n<\/em><\/strong>Lic. Selene Vanzzini Silva<\/p>\n<p><strong>Vicario Para la Vida Consagrada<\/strong><br \/>\nPbro. Zbigniew Szczotka, M.C.<\/p>\n<p><strong>Bienes Inmuebles<\/strong><br \/>\nPbro. Francisco Mart\u00ednez Santisbais<\/p>\n<p><strong>Medios de Comunicaci\u00f3n<\/strong><br \/>\nPbro. Israel \u00c1ngeles Gil<br \/>\n<strong>\u00a0<\/strong><\/p>\n<p style=\"text-align: center;\"><strong>EDIF. JUAN MA. DE SALVATIERRA<\/strong><br \/>\n<strong>Domicilio:<\/strong>\u00a0Av. Negrete y Cjn. Sarabia<br \/>\nentre C. 10 y 11, Zona Centro<br \/>\nC.P. 22000 Tijuana, B.C.<br \/>\n<strong>Tel.<\/strong>\u00a0(664)634 0971<\/p>\n<ul>\n<li><strong>Departamento de Catequesis<br \/>\n<\/strong>Pbro. Claudio \u00d3scar Jim\u00e9nez Benavides<strong>\u00a0<\/strong><\/li>\n<\/ul>\n<p>&nbsp;<\/p>\n<ul>\n<li><strong>Tribunal Eclesi\u00e1stico<br \/>\n<\/strong>Pbro. Lic.\u00a0H\u00e9ctor Emilio Nava S\u00e1nchez<br \/>\n<strong><em>Vicario Judicial<\/em><\/strong><\/li>\n<\/ul>\n<p><strong>\u00a0<\/strong><\/p>\n<ul>\n<li><strong>Comisi\u00f3n Diocesana de Pastoral<br \/>\n<\/strong>Pbro. Miguel \u00c1ngel S\u00e1nchez Zapata<\/li>\n<\/ul>\n<p><strong>\u00a0\u00a0\u00a0\u00a0<\/strong><\/p>\n<ul>\n<li><strong>Obra de Cl\u00e9rigos en Ayuda Solidaria<\/strong>\u00a0<strong>(OCEAS)<br \/>\n<\/strong>Pbro. Jonathan Valadez Castillo<\/li>\n<\/ul>\n<p><strong>\u00a0\u00a0\u00a0\u00a0<\/strong><\/p>\n<ul>\n<li><strong>Librer\u00eda Arquidiocesana<br \/>\n<\/strong>Di\u00e1c. Emanuel de Jes\u00fas Salom\u00e9 de la Cruz<\/li>\n<\/ul>\n<p><strong>\u00a0<\/strong><br \/>\n<strong>PASTORAL SOCIAL\/C\u00c1RITAS<\/strong><br \/>\n<strong>Domicilio:\u00a0<\/strong>C. 14 1063 entre Aquiles Serd\u00e1n y Pino Su\u00e1rez, Col. Libertad p\/b<br \/>\n22000 Tijuana, B.C.<br \/>\n<strong>Tel.\u00a0<\/strong>(664)973 2520<br \/>\nPbro. Andr\u00e9s Ram\u00edrez Pe\u00f1a<\/p>\n<p><strong>COMISI\u00d3N DE EDUCACI\u00d3N Y CULTURA<br \/>\nDomicilio:<\/strong>\u00a0Av. Del Soldado y<br \/>\nC. Educaci\u00f3n s\/n, Fracc. Valle Verde<br \/>\n<strong>Tels.<\/strong>\u00a0(664)901 1458, 650 9191<br \/>\nPbro. Benigno Medrano Flores<\/p>\n<p><strong>PATRONATO PRO-CONSTRUCCI\u00d3N NUEVA CATEDRAL<\/strong><br \/>\n<strong>Domicilio:<\/strong>\u00a0Av. Paseo Centenario 10150, Zona R\u00edo<br \/>\n22320 Tijuana, B.C.<br \/>\n<strong>Tel.\u00a0<\/strong>(664)607 3775<br \/>\nPbro. Jes\u00fas C\u00e1rdenas Nu\u00f1ez<\/p>\n","protected":false},"excerpt":{"rendered":"<p>Oficinas del Arzobispado 10ma. y Ocampo 8585 Zona Centro, Codigo Postal 22000 Tijuana, B.C. Tel.(664)684-8411 Administrador Apost\u00f3lico Excmo. Mons. Mario Nicol\u00e1s Villanueva Arellano \u00a0Vicario General Pbro. Israel \u00c1ngeles Gil Ec\u00f3nomo Diocesano Pbro. Jorge Antonio&#46;&#46;&#46;<\/p>\n","protected":false},"author":3,"featured_media":0,"parent":0,"menu_order":0,"comment_status":"closed","ping_status":"closed","template":"","meta":{"_exactmetrics_skip_tracking":false,"_exactmetrics_sitenote_active":false,"_exactmetrics_sitenote_note":"","_exactmetrics_sitenote_category":0,"_mc_calendar":[],"footnotes":""},"class_list":["post-22","page","type-page","status-publish","hentry"],"_links":{"self":[{"href":"https:\/\/iglesiatijuana.org\/web\/wp-json\/wp\/v2\/pages\/22","targetHints":{"allow":["GET"]}}],"collection":[{"href":"https:\/\/iglesiatijuana.org\/web\/wp-json\/wp\/v2\/pages"}],"about":[{"href":"https:\/\/iglesiatijuana.org\/web\/wp-json\/wp\/v2\/types\/page"}],"author":[{"embeddable":true,"href":"https:\/\/iglesiatijuana.org\/web\/wp-json\/wp\/v2\/users\/3"}],"replies":[{"embeddable":true,"href":"https:\/\/iglesiatijuana.org\/web\/wp-json\/wp\/v2\/comments?post=22"}],"version-history":[{"count":32,"href":"https:\/\/iglesiatijuana.org\/web\/wp-json\/wp\/v2\/pages\/22\/revisions"}],"predecessor-version":[{"id":15528,"href":"https:\/\/iglesiatijuana.org\/web\/wp-json\/wp\/v2\/pages\/22\/revisions\/15528"}],"wp:attachment":[{"href":"https:\/\/iglesiatijuana.org\/web\/wp-json\/wp\/v2\/media?parent=22"}],"curies":[{"name":"wp","href":"https:\/\/api.w.org\/{rel}","templated":true}]}}