{"id":24,"date":"2007-07-22T18:21:11","date_gmt":"2007-07-23T01:21:11","guid":{"rendered":"http:\/\/iglesiatijuana.org\/web\/comunidades-masculinas\/"},"modified":"2024-11-26T10:44:12","modified_gmt":"2024-11-26T18:44:12","slug":"comunidades-masculinas","status":"publish","type":"page","link":"https:\/\/iglesiatijuana.org\/web\/comunidades-masculinas\/","title":{"rendered":"Directorio Comunidades Masculinas"},"content":{"rendered":"<h2><strong>COMUNIDADES DE RELIGIOSOS MASCULINAS<\/strong><\/h2>\n<p><strong>Compa\u00f1\u00eda de Jes\u00fas<\/strong><br \/>\n<em>Pbro. David Israel Ortiz Ruiz, S.J.<\/em><br \/>\n<strong>Domicilio: <\/strong>Paseo del Pedregal No. 1301,<br \/>\nPlayas de Tijuana, Secc. Jardines<br \/>\nC.P. 22500 Tijuana, B.C.<br \/>\n<strong>Tel.<\/strong> (664) 104-6264<br \/>\n<strong>Apostolado:<\/strong> Educaci\u00f3n<\/p>\n<p><strong>Hermanos de la Sagrada Familia<\/strong><br \/>\n<strong>Domicilio: <\/strong>Circunvalaci\u00f3n Sur No. 6500,<br \/>\nFracc. Los \u00c1lamos<br \/>\nC.P. 22110 Tijuana, B.C.<br \/>\n<strong>Tel. y<\/strong> <strong>Fax.<\/strong> (664)621-2526<br \/>\n<strong>Apostolado:<\/strong> Educaci\u00f3n Cristiana<\/p>\n<p><strong>Hermanos Maristas de la Ense\u00f1anza<\/strong><br \/>\n<strong>Domicilio: <\/strong>C. Central No. 12829,<br \/>\nHip\u00f3dromo 2<br \/>\nC.P. 22440 Tijuana, B.C.<br \/>\n<strong>Tel.<\/strong> (664)681-0176<br \/>\n<strong>Fax.<\/strong> (664)681-0447<br \/>\n<strong>Apostolado:<\/strong> Educaci\u00f3n Cristiana<\/p>\n<p><strong>Instituto de los Hermanos de las Escuelas Cristianas<\/strong><br \/>\n<strong>Domicilio: <\/strong>Av. Cerro de la Silla No. 126,<br \/>\nFracc. Monterrey A.P. 31<br \/>\nC.P. 22000 Tijuana, B.C.<br \/>\n<strong>Tel.<\/strong> (664)684-0289<br \/>\n<strong>Casa.<\/strong> (664)684-3567<br \/>\n<strong>Apostolado:<\/strong> Educaci\u00f3n<\/p>\n<p><strong>Misioneros de San Carlos Borromeo<\/strong><br \/>\n<strong>Domicilio:<\/strong> Galileo No. 237,<br \/>\nCol. Postal<br \/>\nC.P. 22350 Tijuana, B.C.<br \/>\n<strong>Tel.<\/strong> (664)682-5180<br \/>\n<strong>Apostolado:<\/strong> Pastoral de Migrantes y Parroquial<\/p>\n<p><strong>Misioneros del Esp\u00edritu Santo<\/strong><br \/>\n<strong>Domicilio: <\/strong>Rosales y Cumpas s\/n,<br \/>\nFracc. Chapultepec<br \/>\nC.P. 22420 Tijuana, B.C.<br \/>\n<strong>Tel.<\/strong> (664)621-8355<br \/>\n<strong>Fax.<\/strong> (664)621-8507<br \/>\n<strong>Apostolado:<\/strong> Parroquial<\/p>\n<p><strong>Misioneros del Esp\u00edritu Santo<\/strong><br \/>\n<strong>Domicilio: <\/strong>Czda. Guadalupe No. 4,<br \/>\nCol. La Villa, La Mesa A.P. 436<br \/>\nC.P. 22103 Tijuana, B.C.<br \/>\n<strong>Tel.<\/strong> (664)686-8377<br \/>\n<strong>Fax.<\/strong> (664)686-9588<br \/>\n<strong>Apostolado:<\/strong> Parroquial<\/p>\n<p><strong>Misioneros Oblatos de Mar\u00eda Inmaculada<\/strong><br \/>\n<strong>Domicilio: <\/strong>Av. Los H\u00e9roes No. 685,<br \/>\nCol. Buena Vista A.P. 3512,<br \/>\nC.P. 22405 Tijuana, B.C.<br \/>\n<strong>Tel.<\/strong> (664)682-1263<br \/>\n<strong>Fax.<\/strong> (664)683-3808<br \/>\n<strong>Apostolado:<\/strong> Parroquial y Casa de Formaci\u00f3n<\/p>\n<p><strong>Misioneros Oblatos de Mar\u00eda Inmaculada<\/strong><br \/>\n<strong>Domicilio: <\/strong>C. del Sauce y Romero Sur s\/n,<br \/>\nCol. La Morita 2da Secc.<br \/>\nA.P. 471-5 en la Mesa<br \/>\nC.P. 22245 Tijuana, B.C.<br \/>\n<strong>Tel. y<\/strong> <strong>Fax.<\/strong> (664)901-8455<br \/>\n<strong>Apostolado:<\/strong> Parroquial<\/p>\n<p><strong>Misioneros Servidores de la Palabra<\/strong><br \/>\n<strong>Domicilio: <\/strong>Blvd. El Rosario L. 72,<br \/>\nP\u00f3rticos de San Antonio<br \/>\nC.P. 22666 Tijuana, B.C.<br \/>\n<strong>Tel.<\/strong> (664)975-1594<br \/>\n<strong>Apostolado:<\/strong> Evangelizaci\u00f3n<\/p>\n<p><strong>Orden de Frailes Menores<\/strong><br \/>\n<strong>Domicilio: <\/strong>C. 3ra. Carrillo Puerto No. 7400,<br \/>\nCentro A.P. 1281<br \/>\nC.P. 22000 Tijuana, B.C.<br \/>\n<strong>Tel.<\/strong> (664)685-2274<br \/>\n<strong>Fax.<\/strong> (664)688-2601<br \/>\n<strong>Apostolado: <\/strong>culto del Templo<\/p>\n<p><strong>Orden de la Merced<\/strong><br \/>\n<strong>Domicilio: <\/strong>Paseo del Guaycura No. 104,<br \/>\nFracc. Guaycura 2da Secc.<br \/>\nC.P. 22216 Tijuana, B.C.<br \/>\n<strong>Tel.<\/strong> (664)625-7589<br \/>\n<strong>Apostolado:<\/strong> Parroquial<\/p>\n<p><strong>Orden de la Merced <\/strong><br \/>\n<strong>Domicilio: <\/strong>C. No. 4,<br \/>\nFracc. Los Pinos<br \/>\nC.P. 22126 Tijuana, B.C.<br \/>\n<strong>Tel.<\/strong> (664)689-4227<br \/>\n<strong>Fax.<\/strong> (664)689-4921<br \/>\n<strong>Apostolado:<\/strong> Parroquial<\/p>\n<p><strong>Padres Escolapios<\/strong><br \/>\n<strong>Domicilio: <\/strong>Av. Veracruz No. 3170,<br \/>\nCol. M\u00e9xico A.P. 1398<br \/>\nC.P. 22150 Tijuana, B.C.<br \/>\n<strong>Tel.<\/strong> (664)634-5605 y 634-4166<br \/>\n<strong>Apostolado:<\/strong> Parroquial y Educaci\u00f3n<\/p>\n<p><strong>Padres Misioneros de la Caridad<\/strong><br \/>\n<strong>Domicilio: <\/strong>Av. Jos\u00e9 Mur\u00faa Mart\u00ednez No.15981<br \/>\nCol. Chapultepec Alamar<br \/>\nC.P. 22540 Tijuana, B.C.<br \/>\n<strong>Tel. y Fax.<\/strong> (664)624-6511<br \/>\n<strong>Apostolado:<\/strong> Evangelizaci\u00f3n de los m\u00e1s pobres<\/p>\n<p><strong>Proyecto Salesiano Tijuana<\/strong><br \/>\n<strong>Domicilio: <\/strong>Ave. Venustiano Carranza<br \/>\nNo. 6250,<br \/>\nCol. Castillo<br \/>\nC.P. 22100 Tijuana, B.C.<br \/>\n<strong>Tel.<\/strong> (664)687-3886<br \/>\n<strong>Fax.<\/strong> (664)637-2553<br \/>\n<strong>Apostolado:<\/strong> Educaci\u00f3n y Parroquial<\/p>\n<p><strong>Legionarios de Cristo<\/strong><br \/>\n<strong>Domicilio: <\/strong>Ixtapan de la Sal No. 5910, Colinas de Agua Caliente,<br \/>\nC.P. 22480 Tijuana, B.C.<br \/>\n<strong>Tel. <\/strong>(664)608-9989<br \/>\n<strong>Apostolado:<\/strong> Educaci\u00f3n<\/p>\n<p><strong>ASOCIACI\u00d3N P\u00daBLICA DE FIELES MASCULINA<\/strong><\/p>\n<p><strong>Adoradores Perpetuos del Sant\u00edsimo Sacramento<\/strong><br \/>\n<strong>Domicilio: <\/strong>Quinatzin s\/n,<br \/>\nCol. Aztl\u00e1n<br \/>\nC.P. 22710 Playas de Rosarito, B. C.<br \/>\n<strong>Tel. y<\/strong> <strong>Fax.<\/strong> (661)613-6619<br \/>\n<strong>Apostolado:<\/strong> Vida Contemplativa<\/p>\n<p><strong>Instituci\u00f3n Dalmanut\u00e1<\/strong><br \/>\n<strong>Domicilio: <\/strong>Av. Mar Amarillo No. 6251,<br \/>\nCol. Linda Vista<br \/>\nC.P. 22129 Tijuana, B.C.<br \/>\n<strong>Tel. y<\/strong> <strong>Fax.<\/strong> (664)637-4545<br \/>\n<strong>Apostolado:<\/strong> Direcci\u00f3n Espiritual<\/p>\n<p><strong>Misioneros de Jes\u00fas y de Mar\u00eda<\/strong><br \/>\n<strong>Domicilio: <\/strong>Calle 3 de Octubre No. 16135,<br \/>\nCol. 3 de Octubre.<br \/>\nC.P. 22680 Tijuana, B.C.<br \/>\n<strong>Tel.<\/strong> (664)689-7305<br \/>\n<strong>Fax.<\/strong> (664)689-7393<br \/>\n<strong>Apostolado:<\/strong> Oraci\u00f3n y Evangelizaci\u00f3n<br \/>\na trav\u00e9s de medios.<\/p>\n","protected":false},"excerpt":{"rendered":"<p>COMUNIDADES DE RELIGIOSOS MASCULINAS Compa\u00f1\u00eda de Jes\u00fas Pbro. David Israel Ortiz Ruiz, S.J. Domicilio: Paseo del Pedregal No. 1301, Playas de Tijuana, Secc. Jardines C.P. 22500 Tijuana, B.C. Tel. (664) 104-6264 Apostolado: Educaci\u00f3n Hermanos&#46;&#46;&#46;<\/p>\n","protected":false},"author":3,"featured_media":0,"parent":0,"menu_order":0,"comment_status":"closed","ping_status":"closed","template":"","meta":{"_exactmetrics_skip_tracking":false,"_exactmetrics_sitenote_active":false,"_exactmetrics_sitenote_note":"","_exactmetrics_sitenote_category":0,"_mc_calendar":[],"footnotes":""},"class_list":["post-24","page","type-page","status-publish","hentry"],"_links":{"self":[{"href":"https:\/\/iglesiatijuana.org\/web\/wp-json\/wp\/v2\/pages\/24","targetHints":{"allow":["GET"]}}],"collection":[{"href":"https:\/\/iglesiatijuana.org\/web\/wp-json\/wp\/v2\/pages"}],"about":[{"href":"https:\/\/iglesiatijuana.org\/web\/wp-json\/wp\/v2\/types\/page"}],"author":[{"embeddable":true,"href":"https:\/\/iglesiatijuana.org\/web\/wp-json\/wp\/v2\/users\/3"}],"replies":[{"embeddable":true,"href":"https:\/\/iglesiatijuana.org\/web\/wp-json\/wp\/v2\/comments?post=24"}],"version-history":[{"count":20,"href":"https:\/\/iglesiatijuana.org\/web\/wp-json\/wp\/v2\/pages\/24\/revisions"}],"predecessor-version":[{"id":15104,"href":"https:\/\/iglesiatijuana.org\/web\/wp-json\/wp\/v2\/pages\/24\/revisions\/15104"}],"wp:attachment":[{"href":"https:\/\/iglesiatijuana.org\/web\/wp-json\/wp\/v2\/media?parent=24"}],"curies":[{"name":"wp","href":"https:\/\/api.w.org\/{rel}","templated":true}]}}