{"id":26,"date":"2007-07-22T18:49:14","date_gmt":"2007-07-23T01:49:14","guid":{"rendered":"http:\/\/iglesiatijuana.org\/web\/educativos\/"},"modified":"2025-01-22T11:49:18","modified_gmt":"2025-01-22T19:49:18","slug":"educativos","status":"publish","type":"page","link":"https:\/\/iglesiatijuana.org\/web\/educativos\/","title":{"rendered":"Directorio Institutos Educativos"},"content":{"rendered":"<p><strong>INSTITUTOS DE FORMACI\u00d3N Y EDUCACI\u00d3N<\/strong><\/p>\n<p><strong>SEMINARIO<\/strong><\/p>\n<p><strong>Seminario Diocesano de Tijuana<\/strong><br \/>\n<em>Pbro. Jos\u00e9 de Jes\u00fas De Luna Torres<\/em><br \/>\n<strong>Domicilio: <\/strong>C. 10ma. y Ocampo No. 8585,<br \/>\nCentro A.P. 408<br \/>\nC.P. 22000 Tijuana, B.C.<br \/>\n<strong>Tel. <\/strong>(664)684-2822, 684-2830<br \/>\n<strong>Fax. <\/strong>(664)684-7720<br \/>\n<strong>Atendido por: <\/strong>Arquidi\u00f3cesis de Tijuana<\/p>\n<p><strong>Seminario Menor Diocesano<\/strong><br \/>\n<strong>Domicilio: <\/strong>C. Seminario No. 20,<br \/>\nCerro Colorado A.P. 3303<br \/>\nC.P. 22223 Tijuana, B.C.<br \/>\n<strong>Tel. <\/strong>(664)625-8070<br \/>\n<strong>Fax. <\/strong>(664)625-8069<br \/>\n<strong>Atendido por:<\/strong> Arquidi\u00f3cesis de Tijuana<\/p>\n<p><strong>CENTROS DE ESTUDIOS PARA LAICOS<\/strong><\/p>\n<p><strong>Centro de Formaci\u00f3n Integral<br \/>\nLa Salle, A. C.<\/strong><br \/>\n<em>Hno. Juan Ignacio Alba, S.S.C.<\/em><br \/>\n<strong>Domicilio: <\/strong>Cj\u00f3n. Quintana Roo No. 1733,<br \/>\nCentro<br \/>\nC.P. 22000 Tijuana, B.C.<br \/>\n<strong>Tel. y Fax. <\/strong>(664)684-0289<br \/>\n<strong>Atendido por: <\/strong>Instituto de los Hermanos de las Escuelas Cristianas<\/p>\n<p><strong>Escuela de Educaci\u00f3n en la Fe Santa Teresa<\/strong><br \/>\n<em>Sr. Alberto Reyes<\/em><br \/>\n<strong>Domicilio: <\/strong>Santa Mar\u00eda No. 3120,<br \/>\nCol. Gabilondo<br \/>\nC.P. 22410 Tijuana, B.C.<br \/>\n<strong>Tel. <\/strong>(664)686-1991<br \/>\n<strong>Fax. <\/strong>(664)681-7177<br \/>\n<strong>Atendido por:<\/strong> Parr<strong>. <\/strong>Santa Teresa de \u00c1vila<\/p>\n<p><strong>Escuela de Formaci\u00f3n Teol\u00f3gica para Laicos EDOCTUS<\/strong><br \/>\n<em>Pbro. Florentino Durazo Valencia<\/em><br \/>\n<strong>Domicilio: <\/strong>Juan Escutia No. 5,<br \/>\nCol. Durango<br \/>\nC.P. 22610 Tijuana, B.C.<br \/>\n<strong>Tel. <\/strong>(664)621-1918, 681-2540<br \/>\n<strong>Atendido por: <\/strong>Arquidi\u00f3cesis de Tijuana<\/p>\n<p><strong>Escuela Diocesana de Ministerios Laicales San Tarcisio<\/strong><br \/>\n<em>Pbro. Javier S\u00e1nchez<\/em><br \/>\n<strong>Parroquia:<\/strong>\u00a0Santa Mar\u00eda Reina de La Paz<br \/>\n<strong>Tel. <\/strong>(664)685-4733<br \/>\n<strong>Atendido por: <\/strong>Arquidi\u00f3cesis de Tijuana<\/p>\n<p><strong>Escuela de Evangelizaci\u00f3n y Catequesis Pablo VI<\/strong><br \/>\n<strong>Domicilio: <\/strong>C. Catorce No. 1063-D,<br \/>\nCol. Libertad p\/b<br \/>\nC.P. 22300 Tijuana, B.C.<br \/>\n<strong>Tel. <\/strong>(664)973-0269<br \/>\n<strong>Atendido por: <\/strong>Hermanas Dominicas de la Doctrina Cristiana<\/p>\n<p>&nbsp;<\/p>\n<p><strong>CENTROS DE ESTUDIOS PARTICULARES<br \/>\n<\/strong><br \/>\n<strong>Colegio Ibero<\/strong><br \/>\n<em>Pbro. Rodrigo Alonso Rosales G\u00f3mez, S.J.<\/em><br \/>\n<strong>Domicilio: <\/strong>Av. Centro Universitario No. 2501-B,<br \/>\nPlayas de Tijuana<br \/>\nC.P. 22200 Tijuana, B.C.<br \/>\n<strong>Tel. <\/strong>(664)680-6376 y 78<br \/>\n<strong>Fax. <\/strong>(664)680-9503<br \/>\n<strong>Atendido por: <\/strong>Compa\u00f1\u00eda de Jes\u00fas<\/p>\n<p><strong>Colegio Crist\u00f3bal Col\u00f3n<br \/>\n<\/strong><em>Patricia Vera<\/em><br \/>\n<strong>Domicilio: <\/strong>Av. 5 de Mayo No. 751,<br \/>\nZona Centro<br \/>\nC.P. 22000 Tijuana, B.C.<br \/>\n<strong>Tel. <\/strong>(664)685-2881<br \/>\n<strong>Atendido por: <\/strong>Orden de Frailes Menores<\/p>\n<p><strong>Colegio Crist\u00f3bal Col\u00f3n<\/strong><br \/>\nRosa Mar\u00eda Hern\u00e1ndez<br \/>\n<strong>Domicilio: <\/strong><strong>C. <\/strong>Matamoros No. 1993,<br \/>\nCol. Independencia<br \/>\nC.P. 22055 Tijuana, B.C.<br \/>\n<strong>Tel. <\/strong>(661)685-6910<br \/>\n<strong>Atendido por: <\/strong>Orden de Frailes Menores<\/p>\n<p><strong>Colegio Crist\u00f3bal Col\u00f3n<\/strong><br \/>\n<em>Hna. Eva Brizuela de Anda<\/em><br \/>\n<strong>Domicilio: <\/strong>Blvd. Benito Ju\u00e1rez No. 1403,<br \/>\nCol. Villa Floresta<br \/>\nC.P. 22710 Playas de Rosarito, B.C.<br \/>\n<strong>Tel. y Fax. <\/strong>(661)612-2745<br \/>\n<strong>Atendido por: <\/strong>Siervas del Se\u00f1or de la Misericordia<\/p>\n<p><strong>Colegio Juan Mar\u00eda Salvatierra<\/strong><br \/>\nMar\u00eda de lo \u00c1ngeles Osuna Chiquete<br \/>\n<strong>Domicilio: <\/strong>Eufrasio Santana No. 171,<br \/>\nCol. Moderna<br \/>\nC.P. 21450 Tecate, B.C.<br \/>\n<strong>Tel. <\/strong>(665)654-1021<br \/>\n<strong>Fax. <\/strong>(665)654-2716<br \/>\n<strong>Atendido por: <\/strong>Misioneras Hijas de la Pur\u00edsima Virgen Mar\u00eda<\/p>\n<p><strong>Colegio Loreto<\/strong><br \/>\nHna. Patricia Yolanda Navarro Trevi\u00f1o<br \/>\n<strong>Domicilio: <\/strong>Ave. Portes Gil y Ave. M\u00e9xico No. 21,<br \/>\nCol. Esteban Cant\u00fa<br \/>\nC.P. 21420 Tecate, B.C.<br \/>\n<strong>Tel. y Fax. <\/strong>(665)654-1094<br \/>\n<strong>Atendido por: <\/strong>Hermanas del Coraz\u00f3n de Jes\u00fas Sacramentado<\/p>\n<p><strong>(Centro Comunitario) Colegio Ana Mar\u00eda G\u00f3mez Campos de Tijuana, A.C.<\/strong><br \/>\nHna. Ana Laura P\u00e9rez Navarrete<br \/>\n<strong>Domicilio: <\/strong>C. Ana Mar\u00eda G\u00f3mez No. 3010,<br \/>\nCol. Flores Mag\u00f3n<br \/>\nC.P. 22606 Tijuana, B.C.<br \/>\n<strong>Tel. <\/strong>(664)700-9204, 975-0590, 687-6470<br \/>\n<strong>Atendido por: <\/strong>Hijas del Esp\u00edritu Santo<\/p>\n<p><strong>Colegio Ciudad del Ni\u00f1o Club de Leones Sec. Luis Mart\u00edn No. 144<\/strong><br \/>\nHna. Mar\u00eda Guadalupe D\u00e1valos Morales<br \/>\n<strong>Domicilio: <\/strong>Club de Leones No. 375,<br \/>\nCol. La Gloria A.P. 27<br \/>\nC.P. 22645 Tijuana, B.C.<br \/>\n<strong>Tel. y Fax. <\/strong>(664)636-1320<br \/>\n<strong>Atendido por: <\/strong>Misioneras Marianas<\/p>\n<p><strong>Colegio Don Bosco<\/strong><br \/>\nP. Miguel Toriz Bravo, SDB<br \/>\n<strong>Domicilio: <\/strong>Nicol\u00e1s Bravo 100,<br \/>\nFracc. Mariano Matamoros<br \/>\nC.P. 22500 Tijuana, B.C.<br \/>\n<strong>Tel. <\/strong>(664)629-2150<br \/>\n<strong>Atendido por: <\/strong>Proyecto Salesiano Tijuana<\/p>\n<p><strong>Colegio Familia de Tijuana, A.C.<\/strong><br \/>\n<em>Hno. Luigi Archetti<\/em><br \/>\n<strong>Domicilio: <\/strong>Calz. Juan Ojeda Robles No.13104,<br \/>\nCol. Buena Vista<br \/>\nC.P. 22415 Tijuana, B.C.<br \/>\n<strong>Tel. y Fax. <\/strong>(664)682-1909<br \/>\n<strong>Atendido por: <\/strong>Hermanos de la Sagrada Familia<\/p>\n<p><strong>Colegio Familia de Tijuana, A.C.<\/strong><br \/>\n<em>Hno. Luigi Archetti<\/em><br \/>\n<strong>Domicilio: <\/strong>Av. De las Brisas No. 1467,<br \/>\nFracc. Alta Brisa<br \/>\nC.P. 22390 Tijuana, B.C.<br \/>\n<strong>Tel. <\/strong>(664)607-5808 al 10<br \/>\n<strong>Fax. <\/strong>(664)607-5808 ext.8<br \/>\n<strong>Atendido por: <\/strong>Hermanos de la Sagrada Familia<\/p>\n<p><strong>Colegio Fray Jun\u00edpero Serra<br \/>\n<\/strong><em>Hna. Mar\u00eda Say Velasco L\u00f3pez<br \/>\n<\/em><strong>Domicilio: <\/strong>R\u00edo Fuerte No. 8100,<br \/>\nCol. Aguaje de la Tuna<br \/>\nC.P. 22640 Tijuana, B.C.<br \/>\n<strong>Tel. <\/strong>(664)637-2792<br \/>\n<strong>Fax. <\/strong>(664) 637-1140<strong><br \/>\n<\/strong><strong>Atendido por: <\/strong>Religiosas Franciscanas de Nuestra Se\u00f1ora del Refugio<\/p>\n<p><strong>Colegio La Paz, A.C.<\/strong><br \/>\nHna. Gloria Moreno Calder\u00f3n<br \/>\n<strong>Domicilio: <\/strong><strong>C. <\/strong>La Paz s\/n,<br \/>\nCol. Hip\u00f3dromo<br \/>\nC.P. 22420 Tijuana, B.C.<br \/>\n<strong>Tel. <\/strong>(664)621-8204<br \/>\n<strong>Fax. <\/strong>(664)621-8205<br \/>\n<strong>Atendido por: <\/strong>Hijas del Esp\u00edritu Santo<\/p>\n<p><strong>Colegio San Jos\u00e9, A.C.<\/strong><br \/>\n<em>Pbro. Carlos Villegas Guerra<\/em><br \/>\n<strong>Domicilio: <\/strong>Av. Sonora No. 28,<br \/>\nCol. Durango, La Mesa<br \/>\nC.P. 22610 Tijuana, B.C.<br \/>\n<strong>Tel. <\/strong>(664)686-8893<br \/>\n<strong>Fax. <\/strong>(664)626-1822<br \/>\n<strong>Atendido por:<\/strong> Parr. San Jos\u00e9<\/p>\n<p><strong>Escuela Santa Rosa de Lima<\/strong><br \/>\n<em>Pbro. Juan Tasto<\/em><br \/>\n<strong>Domicilio: <\/strong>C. Virgo S\/N,<br \/>\nReacomodo S\u00e1nchez Taboada<br \/>\nC.P. 22680 Tijuana, B.C.<br \/>\n<strong>Tel. <\/strong><strong>y Fax.<\/strong> (664)626-9060 y 626-5106<br \/>\n<strong>Atendido por: <\/strong>Misioneras de la Cruz<\/p>\n<p><strong>Instituto An\u00e1huac de Tijuana, A.C.<\/strong><br \/>\n<em>Hna. Oliva Ch\u00e1vez Osornio, M.F.P.<\/em><br \/>\n<strong>Domicilio: <\/strong>C. Roma No. 6732,<br \/>\nCol. Altamira<br \/>\nC.P. 22054 Tijuana, B.C.<br \/>\n<strong>Tel. <\/strong>(664)687-1120, 637-4255<br \/>\n<strong>Fax. <\/strong>(664)687-1120 ext.103<br \/>\n<strong>Atendido por: <\/strong>Misioneras Franciscanas de Nuestra Se\u00f1ora de la Paz<\/p>\n<p><strong>Instituto Cumbres<\/strong><br \/>\nLic. Jos\u00e9 Luis Favela Garc\u00eda<br \/>\n<strong>Domicilio: <\/strong>Blvd. L\u00e1zaro C\u00e1rdenas No.19500,<br \/>\nFracc. Misiones de las Californias<br \/>\nC.P. 22425 Tijuana, B.C.<br \/>\n<strong>Tel. <\/strong>(664)624-5367<br \/>\n<strong>Fax. <\/strong>(664)624-5369<br \/>\n<strong>Atendido por: <\/strong>Legionarios de Cristo<\/p>\n<p><strong>Instituto Juan Jes\u00fas Posadas de Tijuana, A.C.<\/strong><br \/>\n<em>Pbro. Benigno Medrano<\/em><br \/>\n<strong>Domicilio: <\/strong>C. Respeto No. 7,<br \/>\nCol. Valle Verde<br \/>\nC.P. 22200 Tijuana, B.C.<br \/>\n<strong>Tel. <\/strong><strong>y Fax.<\/strong> (664)901-1458<br \/>\n<strong>Atendido por: <\/strong><strong>Parr.<\/strong> San Benito Abad<\/p>\n<p><strong>Instituto Libertad Horizontes<br \/>\n<\/strong>Hna. Guillermina Toribio Maga\u00f1anes<br \/>\n<strong>Domicilio: <\/strong>G\u00e9minis No. 38,<br \/>\nCol. Hor\u00f3scopo, El Florido 1ra Secc.<br \/>\nC.P. 22230 Tijuana, B.C.<br \/>\n<strong>Tel. <\/strong>(664)902-5676 y 701-2969<br \/>\n<strong>Fax. <\/strong>(664)902-5676<br \/>\n<strong>Atendido por: <\/strong>Religiosas Franciscanas de Nuestra Se\u00f1ora del Refugio<\/p>\n<p><strong>Instituto Libertad I<\/strong><br \/>\nHna. Silvia Ju\u00e1rez Garc\u00eda<br \/>\n<strong>Domicilio: <\/strong>Av. La Joya No. 7,<br \/>\nFracc. La Joya<br \/>\nC.P. 22640 Tijuana, B.C.<br \/>\n<strong>Tel. y Fax. <\/strong>(664)689-1021<br \/>\n<strong>Atendido por: <\/strong>Religiosas Franciscanas de Nuestra Se\u00f1ora del Refugio<\/p>\n<p><strong>Instituto Libertad II (de Tijuana A.C.)<\/strong><br \/>\nHna. Benigna Vald\u00e9s Delgado<br \/>\n<strong>Domicilio: <\/strong>Av. 32 Sur No. 793,<br \/>\nFracc. Rubio, La Mesa, Col. Pinos Ag\u00fcero<br \/>\nC.P. 22116 Tijuana, B.C.<br \/>\n<strong>Tel. <\/strong>(664)689-1428<br \/>\n<strong>Fax. <\/strong>(664)6689-1270<br \/>\n<strong>Atendido por: <\/strong>Religiosas Franciscanas de Nuestra Se\u00f1ora del Refugio<\/p>\n<p><strong>Instituto M\u00e9xico de B.C., A.C.<\/strong><br \/>\n<em>Hno. Eduardo L\u00f3pez Mart\u00ednez, F.M.S.<\/em><br \/>\n<strong>Domicilio: <\/strong>Av. Palmas y Champagnat No. 850,<br \/>\nFracc. Las Palmas<br \/>\nC.P. 22440 Tijuana, B.C.<br \/>\n<strong>Tel. <\/strong>(664)681-4716<br \/>\n<strong>Fax. <\/strong>(664)681-4672<br \/>\n<strong>Atendido por: <\/strong>Hermanos Maristas de la Ense\u00f1anza<\/p>\n<p><strong>Instituto M\u00e9xico Miramar,<br \/>\nSec. No. 109<\/strong><br \/>\n<em>\u00a0Ofelia Osuna Manj\u00e1rrez<\/em><br \/>\n<strong>Domicilio: <\/strong>V\u00edctor Parra No. 611,<br \/>\nCol. Miramar<br \/>\nC.P. 22260 Tijuana, B.C.<br \/>\n<strong>Tel. <\/strong>(664)680-7486<br \/>\n<strong>Fax. <\/strong>(664)680-8656<br \/>\n<strong>Atendido por: <\/strong>Hermanos Maristas de la Ense\u00f1anza<\/p>\n<p><strong>Instituto Paula Montal<\/strong><br \/>\n<em>Hna. Teresita Ch\u00e1vez Maldonado <\/em><br \/>\n<strong>Domicilio: <\/strong>Ram\u00f3n Arnaiz No. 316,<br \/>\nFracc. Soler<br \/>\nC.P. 22105 Tijuana, B.C.<br \/>\n<strong>Tel. <\/strong>y Fax. (664)680-4477<br \/>\n<strong>Atendido por: <\/strong>Hijas de Mar\u00eda Religiosas de las Escuelas P\u00edas<\/p>\n<p><strong>Instituto Peninsular<\/strong><br \/>\n<em>Hna. Elisa V\u00e1zquez Alviso<\/em><br \/>\n<strong>Domicilio: <\/strong>Av. Televisi\u00f3n No. 357,<br \/>\nCol. Ju\u00e1rez<br \/>\nC.P. 22158 Tijuana, B.C.<br \/>\n<strong>Tel. <\/strong>(664)634-4018, 634-4444<br \/>\n<strong>Fax. <\/strong>(664)634-4018 ext. 102<br \/>\n<strong>Atendido por: <\/strong>Mercedarias del Sant\u00edsimo Sacramento<\/p>\n<p><strong>Instituto Progreso, A.C.<\/strong><br \/>\nHna. Ma. Amparo Garc\u00eda Garc\u00eda<br \/>\n<strong>Domicilio: <\/strong>Ave. Ensenada No. 2351,<br \/>\nCol. Madero Sur, La Cacho<br \/>\nC.P. 22040 Tijuana, B.C.<br \/>\n<strong>Tel. y Fax. <\/strong>(664) 684-1280 ext. 2<br \/>\n<strong>Atendido por: <\/strong>Carmelitas del Sagrado Coraz\u00f3n<\/p>\n<p><strong>Universidad Iberoamericana de Tijuana<\/strong><br \/>\nDr. Florentino Badial Hern\u00e1ndez<br \/>\n<strong>Domicilio: <\/strong>Av. Centro Universitario No. 2501,<br \/>\nFracc. Playas de Tijuana<br \/>\nC.P. 22200 Tijuana, B.C.<br \/>\n<strong>Tel. <\/strong>(664)630-1577<br \/>\n<strong>Fax. <\/strong>(664)630-1591<br \/>\n<strong>Atendido por: <\/strong>Compa\u00f1\u00eda de Jes\u00fas<\/p>\n<p><strong>ORATORIOS<\/strong><\/p>\n<p><strong>Oratorio Miguel Magone<\/strong><br \/>\n<strong>Domicilio: <\/strong>Edo. 29 No. 1000,<br \/>\nCol. San Luis<br \/>\nC.P. 22680 Tijuana, B.C.<br \/>\n<strong>Tel. <\/strong>y Fax. (664)<br \/>\n<strong>Atendido por: <\/strong>Paroquia\u00a0Nuestra Se\u00f1ora de Los Dolores<\/p>\n<p><strong>Oratorio Parroquia Mar\u00eda Auxiliadora<\/strong><br \/>\n<strong>Domicilio: <\/strong>Muleg\u00e9 No. 2090,<br \/>\nCol. Herrera<br \/>\nC.P. 22115 Tijuana, B.C.<br \/>\n<strong>Tel. <\/strong>(664)680-0851<br \/>\n<strong>Fax. <\/strong>(664)680-0851<br \/>\n<strong>Atendido por: <\/strong>Proyecto Salesiano Tijuana<\/p>\n<p><strong>Oratorio San Francisco de Sales<\/strong><br \/>\n<strong>Domicilio: <\/strong>Venustiano Carranza No. 6250,<br \/>\nCol. Castillo<br \/>\nC.P. 22100 Tijuana, B.C.<br \/>\n<strong>Tel. <\/strong>(664)687-1050<br \/>\n<strong>Atendido por: <\/strong>Proyecto Salesiano Tijuana<\/p>\n<p><strong>Oratorio San Jos\u00e9 Obrero<\/strong><br \/>\n<strong>Domicilio: <\/strong>Melchor Ocampo y 9na,<br \/>\nCol. Ej. Matamoros<br \/>\nC.P. 22500 Tijuana, B.C.<br \/>\n<strong>Tel. <\/strong>y Fax. (664)646-0716<br \/>\n<strong>Atendido por: <\/strong>Proyecto Salesiano Tijuana<\/p>\n<p><strong>Oratorio Santa Mar\u00eda de Guadalupe Reina de Am\u00e9rica<\/strong><br \/>\n<strong>Domicilio: <\/strong>Fco. Villa No. 2752,<br \/>\nCol. Flores Mag\u00f3n<br \/>\nC.P. 22290 Tijuana, B.C.<br \/>\n<strong>Tel. <\/strong>(664)700-6416<br \/>\n<strong>Atendido por: <\/strong>Proyecto Salesiano Tijuana<\/p>\n<p><strong>Oratorio Santo Domingo Tadeo<\/strong><br \/>\n<strong>Domicilio: <\/strong>Mar\u00eda Leyva de Borja<br \/>\nNo. 14100,<br \/>\nCol. S\u00e1nchez Taboada<br \/>\nC.P. 22680 Tijuana, B.C.<br \/>\n<strong>Tel. <\/strong>(664)969-6443<br \/>\n<strong>Atendido por: <\/strong>Proyecto Salesiano Tijuana<\/p>\n<p><strong>Oratorio San Juan Bosco <\/strong><br \/>\n<strong>Domicilio: <\/strong><strong>C.<\/strong> Padre Antonio Torres No. 22300,<br \/>\n<strong>Col.<\/strong> Mariano Matamoros<br \/>\nC.P. 22744 Tijuana, B.C.<br \/>\n<strong>Tel. <\/strong>(664)629-2150<br \/>\n<strong>Atendido por: <\/strong>Proyecto Salesiano Tijuana<\/p>\n","protected":false},"excerpt":{"rendered":"<p>INSTITUTOS DE FORMACI\u00d3N Y EDUCACI\u00d3N SEMINARIO Seminario Diocesano de Tijuana Pbro. Jos\u00e9 de Jes\u00fas De Luna Torres Domicilio: C. 10ma. y Ocampo No. 8585, Centro A.P. 408 C.P. 22000 Tijuana, B.C. Tel. (664)684-2822, 684-2830&#46;&#46;&#46;<\/p>\n","protected":false},"author":3,"featured_media":0,"parent":0,"menu_order":0,"comment_status":"closed","ping_status":"closed","template":"","meta":{"_exactmetrics_skip_tracking":false,"_exactmetrics_sitenote_active":false,"_exactmetrics_sitenote_note":"","_exactmetrics_sitenote_category":0,"_mc_calendar":[],"footnotes":""},"class_list":["post-26","page","type-page","status-publish","hentry"],"_links":{"self":[{"href":"https:\/\/iglesiatijuana.org\/web\/wp-json\/wp\/v2\/pages\/26","targetHints":{"allow":["GET"]}}],"collection":[{"href":"https:\/\/iglesiatijuana.org\/web\/wp-json\/wp\/v2\/pages"}],"about":[{"href":"https:\/\/iglesiatijuana.org\/web\/wp-json\/wp\/v2\/types\/page"}],"author":[{"embeddable":true,"href":"https:\/\/iglesiatijuana.org\/web\/wp-json\/wp\/v2\/users\/3"}],"replies":[{"embeddable":true,"href":"https:\/\/iglesiatijuana.org\/web\/wp-json\/wp\/v2\/comments?post=26"}],"version-history":[{"count":14,"href":"https:\/\/iglesiatijuana.org\/web\/wp-json\/wp\/v2\/pages\/26\/revisions"}],"predecessor-version":[{"id":15158,"href":"https:\/\/iglesiatijuana.org\/web\/wp-json\/wp\/v2\/pages\/26\/revisions\/15158"}],"wp:attachment":[{"href":"https:\/\/iglesiatijuana.org\/web\/wp-json\/wp\/v2\/media?parent=26"}],"curies":[{"name":"wp","href":"https:\/\/api.w.org\/{rel}","templated":true}]}}