{"id":4685,"date":"2016-10-21T17:37:40","date_gmt":"2016-10-22T00:37:40","guid":{"rendered":"http:\/\/iglesiatijuana.org\/web\/?page_id=4685"},"modified":"2025-11-04T15:40:24","modified_gmt":"2025-11-04T23:40:24","slug":"arzobispo","status":"publish","type":"page","link":"https:\/\/iglesiatijuana.org\/web\/arzobispo\/","title":{"rendered":"II Arzobispo"},"content":{"rendered":"<p><a href=\"http:\/\/iglesiatijuana.org\/web\/wp-content\/uploads\/2016\/06\/nuevoarzobispo-e1477607501231.png\" data-rel=\"lightbox-image-0\" data-rl_title=\"\" data-rl_caption=\"\" title=\"\"><img loading=\"lazy\" decoding=\"async\" class=\"size-full wp-image-4404 alignleft\" src=\"http:\/\/iglesiatijuana.org\/web\/wp-content\/uploads\/2016\/06\/nuevoarzobispo-e1477607501231.png\" alt=\"nuevoarzobispo\" width=\"240\" height=\"240\" \/><\/a><\/p>\n<p style=\"text-align: justify;\">S.E.R. Mons. Francisco Moreno Barr\u00f3n, naci\u00f3 en la ciudad de Salamanca, Guanajuato, el 3 de octubre de 1954. Ingres\u00f3 al Seminario Diocesano de Morelia en diciembre de 1966, ah\u00ed realiz\u00f3 todos sus estudios sacerdotales, desde la secundaria hasta teolog\u00eda.<\/p>\n<p style=\"text-align: justify;\">Recibi\u00f3 la ordenaci\u00f3n presbiteral de manos del Arzobispo Em\u00e9rito, Estanislao Alcaraz Figueroa, el 25 de febrero de 1979. Durante cinco a\u00f1os ejerci\u00f3 su ministerio en la parroquia de Santa Ana, en Zacapu. Fue rector del templo de Cristo Rey en Morelia y responsable diocesano de la Pastoral Juvenil. Durante seis a\u00f1os fue Secretario Ejecutivo de la Comisi\u00f3n Episcopal de Pastoral Juvenil.<\/p>\n<p style=\"text-align: justify;\">Fue rector y primer p\u00e1rroco del Se\u00f1or de la Misericordia en la ciudad de Morelia hasta octubre de 2000, en que fue nombrado Vicario Episcopal del Baj\u00edo.<\/p>\n<p style=\"text-align: justify;\">El 2 de febrero del 2002 es nombrado por su Santidad San Juan Pablo II, Obispo titular de Gaguari y Auxiliar de la Arquidi\u00f3cesis de Morelia. El 20 de Marzo de 2002 recibi\u00f3 la Ordenaci\u00f3n Episcopal como auxiliar de la Di\u00f3cesis de Morelia.<\/p>\n<p style=\"text-align: justify;\">Elegido Presidente de la Comisi\u00f3n Episcopal de Pastoral Juvenil para el trienio 2003-2006. Adem\u00e1s, funge como vocal de las Comisiones Episcopales de Liturgia y de Pastoral Familiar para ese mismo trienio. Durante la LXXXII Asamblea Plenaria del Episcopado Mexicano, es nombrado responsable de la Dimensi\u00f3n de Juventud de la Comisi\u00f3n Episcopal de Familia, Juventud y Laicos para el trienio 2006-2009.<\/p>\n<p style=\"text-align: justify;\">El 28 de marzo de 2008 fue nombrado por su Santidad Benedicto XVI, Tercer Obispo de la Di\u00f3cesis Tlaxcala.<\/p>\n<p style=\"text-align: justify;\">El 16 de junio de 2016 el Papa Francisco lo nombr\u00f3 Arzobispo Metropolitano de Tijuana, tom\u00f3 posesi\u00f3n el 11 de agosto de 2016,como V Obispo de Tijuana y II Arzobispo.<\/p>\n<p>El 25 de febrero de 2022 el Papa Francisco lo nombr\u00f3 Administrador Apost\u00f3lico de la Di\u00f3cesis de Mexicali, encomienda que cumpli\u00f3 hasta el 7 de noviembre\u00a0de\u00a02023.<\/p>\n<p style=\"text-align: justify;\">Fue Responsable de la Dimensi\u00f3n Episcopal de la Pastoral Lit\u00fargica en M\u00e9xico en los trienios 2018-2021 y 2021-2024.<\/p>\n<p>Falleci\u00f3 en Tijuana, B.C., el domingo 26 de octubre de 2025, a las 15:26hrs., fue sepultado en la Catedral Metropolitana de Tijuana, dedicada a Santa Mar\u00eda de Guadalupe.<\/p>\n","protected":false},"excerpt":{"rendered":"<p>S.E.R. Mons. Francisco Moreno Barr\u00f3n, naci\u00f3 en la ciudad de Salamanca, Guanajuato, el 3 de octubre de 1954. Ingres\u00f3 al Seminario Diocesano de Morelia en diciembre de 1966, ah\u00ed realiz\u00f3 todos sus estudios sacerdotales,&#46;&#46;&#46;<\/p>\n","protected":false},"author":3,"featured_media":0,"parent":0,"menu_order":0,"comment_status":"closed","ping_status":"closed","template":"","meta":{"_exactmetrics_skip_tracking":false,"_exactmetrics_sitenote_active":false,"_exactmetrics_sitenote_note":"","_exactmetrics_sitenote_category":0,"_mc_calendar":[],"footnotes":""},"class_list":["post-4685","page","type-page","status-publish","hentry"],"_links":{"self":[{"href":"https:\/\/iglesiatijuana.org\/web\/wp-json\/wp\/v2\/pages\/4685","targetHints":{"allow":["GET"]}}],"collection":[{"href":"https:\/\/iglesiatijuana.org\/web\/wp-json\/wp\/v2\/pages"}],"about":[{"href":"https:\/\/iglesiatijuana.org\/web\/wp-json\/wp\/v2\/types\/page"}],"author":[{"embeddable":true,"href":"https:\/\/iglesiatijuana.org\/web\/wp-json\/wp\/v2\/users\/3"}],"replies":[{"embeddable":true,"href":"https:\/\/iglesiatijuana.org\/web\/wp-json\/wp\/v2\/comments?post=4685"}],"version-history":[{"count":16,"href":"https:\/\/iglesiatijuana.org\/web\/wp-json\/wp\/v2\/pages\/4685\/revisions"}],"predecessor-version":[{"id":15470,"href":"https:\/\/iglesiatijuana.org\/web\/wp-json\/wp\/v2\/pages\/4685\/revisions\/15470"}],"wp:attachment":[{"href":"https:\/\/iglesiatijuana.org\/web\/wp-json\/wp\/v2\/media?parent=4685"}],"curies":[{"name":"wp","href":"https:\/\/api.w.org\/{rel}","templated":true}]}}